{"id":15864,"date":"2026-03-31T11:59:38","date_gmt":"2026-03-31T14:59:38","guid":{"rendered":"https:\/\/paraquenos.com.ar\/?post_type=product&#038;p=15864"},"modified":"2026-03-31T11:59:38","modified_gmt":"2026-03-31T14:59:38","slug":"floxin-5","status":"publish","type":"product","link":"https:\/\/paraquenos.com.ar\/en\/producto\/floxin-5\/","title":{"rendered":"Floxin 5%"},"content":{"rendered":"<p><strong>Antibi\u00f3tico inyectable de amplio espectro<\/strong>, bactericida para el tratamiento de mastitis, enfermedades respiratorias, digestivas, genitourinarias, y d\u00e9rmicas.<br \/>\nAlta eficacia, por su gran penetraci\u00f3n y difusi\u00f3n en los tejidos afectados.<br \/>\nAmplio margen de seguridad y tolerancia por los animales. Escasos efectos secundarios.<br \/>\nAl ser un bactericida absoluto elimina las bacterias en latencia y multiplicaci\u00f3n activa.<\/p>","protected":false},"excerpt":{"rendered":"<p>Antibi\u00f3tico inyectable de amplio espectro, bactericida para el tratamiento de mastitis, enfermedades respiratorias, digestivas, genitourinarias, y d\u00e9rmicas. Alta eficacia, por su gran penetraci\u00f3n y difusi\u00f3n en los tejidos afectados. Amplio margen de seguridad y tolerancia por los animales. Escasos efectos secundarios. Al ser un bactericida absoluto elimina las bacterias en latencia y multiplicaci\u00f3n activa.<\/p>\n","protected":false},"featured_media":31328,"template":"","meta":{"_acf_changed":false},"product_brand":[],"product_cat":[185],"product_tag":[179,180,200],"class_list":{"0":"post-15864","1":"product","2":"type-product","3":"status-publish","4":"has-post-thumbnail","6":"product_cat-antibioticos","7":"product_tag-caninos","8":"product_tag-felinos","9":"product_tag-maletin","10":"pif-has-gallery","12":"first","13":"instock","14":"shipping-taxable","15":"product-type-simple"},"acf":[],"_links":{"self":[{"href":"https:\/\/paraquenos.com.ar\/en\/wp-json\/wp\/v2\/product\/15864","targetHints":{"allow":["GET"]}}],"collection":[{"href":"https:\/\/paraquenos.com.ar\/en\/wp-json\/wp\/v2\/product"}],"about":[{"href":"https:\/\/paraquenos.com.ar\/en\/wp-json\/wp\/v2\/types\/product"}],"wp:featuredmedia":[{"embeddable":true,"href":"https:\/\/paraquenos.com.ar\/en\/wp-json\/wp\/v2\/media\/31328"}],"wp:attachment":[{"href":"https:\/\/paraquenos.com.ar\/en\/wp-json\/wp\/v2\/media?parent=15864"}],"wp:term":[{"taxonomy":"product_brand","embeddable":true,"href":"https:\/\/paraquenos.com.ar\/en\/wp-json\/wp\/v2\/product_brand?post=15864"},{"taxonomy":"product_cat","embeddable":true,"href":"https:\/\/paraquenos.com.ar\/en\/wp-json\/wp\/v2\/product_cat?post=15864"},{"taxonomy":"product_tag","embeddable":true,"href":"https:\/\/paraquenos.com.ar\/en\/wp-json\/wp\/v2\/product_tag?post=15864"}],"curies":[{"name":"wp","href":"https:\/\/api.w.org\/{rel}","templated":true}]}}