{"id":15874,"date":"2026-03-31T11:59:38","date_gmt":"2026-03-31T14:59:38","guid":{"rendered":"https:\/\/paraquenos.com.ar\/?post_type=product&#038;p=15874"},"modified":"2026-03-31T11:59:38","modified_gmt":"2026-03-31T14:59:38","slug":"dexametasona","status":"publish","type":"product","link":"https:\/\/paraquenos.com.ar\/en\/producto\/dexametasona\/","title":{"rendered":"Dexametasona"},"content":{"rendered":"<p><strong>Antiinflamatorio corticoide al 0,2%<\/strong> de r\u00e1pida absorci\u00f3n en el punto de aplicaci\u00f3n permitiendo llegar en pocos minutos al sitio de inflamaci\u00f3n, disminuyendo los signos t\u00edpicos (enrojecimiento, calor, dolor, edema y p\u00e9rdida de la funci\u00f3n) del tejido afectado.<\/p>\n<p>Puede aplicarse por m\u00faltiples v\u00edas (IM, EV, intrasinovial o intraarticular) para procesos inflamatorios en general como as\u00ed tambi\u00e9n asociado a un antibi\u00f3tico correspondiente en casos de procesos infecciosos.<br \/>\nPor su funci\u00f3n como estabilizador de membranas su uso esta indicado tambi\u00e9n en casos de shock y reacciones al\u00e9rgicas.<\/p>","protected":false},"excerpt":{"rendered":"<p>Antiinflamatorio corticoide al 0,2% de r\u00e1pida absorci\u00f3n en el punto de aplicaci\u00f3n permitiendo llegar en pocos minutos al sitio de inflamaci\u00f3n, disminuyendo los signos t\u00edpicos (enrojecimiento, calor, dolor, edema y p\u00e9rdida de la funci\u00f3n) del tejido afectado. Puede aplicarse por m\u00faltiples v\u00edas (IM, EV, intrasinovial o intraarticular) para procesos inflamatorios en general como as\u00ed tambi\u00e9n asociado a un antibi\u00f3tico correspondiente en casos de procesos infecciosos. Por su funci\u00f3n como estabilizador de membranas su uso esta indicado tambi\u00e9n en casos de shock y reacciones al\u00e9rgicas.<\/p>\n","protected":false},"featured_media":31356,"template":"","meta":{"_acf_changed":false},"product_brand":[],"product_cat":[182],"product_tag":[179,180,200],"class_list":{"0":"post-15874","1":"product","2":"type-product","3":"status-publish","4":"has-post-thumbnail","6":"product_cat-antiinflamatorios","7":"product_tag-caninos","8":"product_tag-felinos","9":"product_tag-maletin","10":"pif-has-gallery","12":"first","13":"instock","14":"shipping-taxable","15":"product-type-simple"},"acf":[],"_links":{"self":[{"href":"https:\/\/paraquenos.com.ar\/en\/wp-json\/wp\/v2\/product\/15874","targetHints":{"allow":["GET"]}}],"collection":[{"href":"https:\/\/paraquenos.com.ar\/en\/wp-json\/wp\/v2\/product"}],"about":[{"href":"https:\/\/paraquenos.com.ar\/en\/wp-json\/wp\/v2\/types\/product"}],"wp:featuredmedia":[{"embeddable":true,"href":"https:\/\/paraquenos.com.ar\/en\/wp-json\/wp\/v2\/media\/31356"}],"wp:attachment":[{"href":"https:\/\/paraquenos.com.ar\/en\/wp-json\/wp\/v2\/media?parent=15874"}],"wp:term":[{"taxonomy":"product_brand","embeddable":true,"href":"https:\/\/paraquenos.com.ar\/en\/wp-json\/wp\/v2\/product_brand?post=15874"},{"taxonomy":"product_cat","embeddable":true,"href":"https:\/\/paraquenos.com.ar\/en\/wp-json\/wp\/v2\/product_cat?post=15874"},{"taxonomy":"product_tag","embeddable":true,"href":"https:\/\/paraquenos.com.ar\/en\/wp-json\/wp\/v2\/product_tag?post=15874"}],"curies":[{"name":"wp","href":"https:\/\/api.w.org\/{rel}","templated":true}]}}