{"id":15898,"date":"2026-03-31T11:59:37","date_gmt":"2026-03-31T14:59:37","guid":{"rendered":"https:\/\/paraquenos.com.ar\/?post_type=product&#038;p=15898"},"modified":"2026-03-31T11:59:38","modified_gmt":"2026-03-31T14:59:38","slug":"bicheron-curabicheras-plata-forte","status":"publish","type":"product","link":"https:\/\/paraquenos.com.ar\/en\/producto\/bicheron-curabicheras-plata-forte\/","title":{"rendered":"Bicher\u00f3n Curabicheras Plata FORTE"},"content":{"rendered":"<p>Es un producto en aerosol que combina organofosforado y cipermetrina, dos potentes antiparasitarios externos \u00a0para el control de miasis. Con acci\u00f3n larvicida, y repelente de moscas. Adem\u00e1s presenta sulfadiazina de plata en su formulaci\u00f3n, lo cual le otorga propiedades antimicrobianas de amplio espectro, tanto para bacterias Gram + como Gram \u2013 sensibles al principio activo.<\/p>\n<p>Dise\u00f1ado con una v\u00e1lvula multidireccional para facilitar su manejo y formar una capa de efecto pelicular en el sitio de aplicaci\u00f3n.<\/p>","protected":false},"excerpt":{"rendered":"<p>Es un producto en aerosol que combina organofosforado y cipermetrina, dos potentes antiparasitarios externos \u00a0para el control de miasis. Con acci\u00f3n larvicida, y repelente de moscas. Adem\u00e1s presenta sulfadiazina de plata en su formulaci\u00f3n, lo cual le otorga propiedades antimicrobianas de amplio espectro, tanto para bacterias Gram + como Gram \u2013 sensibles al principio activo. Dise\u00f1ado con una v\u00e1lvula multidireccional para facilitar su manejo y formar una capa de efecto pelicular en el sitio de aplicaci\u00f3n.<\/p>\n","protected":false},"featured_media":18825,"template":"","meta":{"_acf_changed":false},"product_brand":[],"product_cat":[183],"product_tag":[179,200],"class_list":{"0":"post-15898","1":"product","2":"type-product","3":"status-publish","4":"has-post-thumbnail","6":"product_cat-antiparasitarios","7":"product_tag-caninos","8":"product_tag-maletin","9":"pif-has-gallery","11":"first","12":"instock","13":"shipping-taxable","14":"product-type-simple"},"acf":[],"_links":{"self":[{"href":"https:\/\/paraquenos.com.ar\/en\/wp-json\/wp\/v2\/product\/15898","targetHints":{"allow":["GET"]}}],"collection":[{"href":"https:\/\/paraquenos.com.ar\/en\/wp-json\/wp\/v2\/product"}],"about":[{"href":"https:\/\/paraquenos.com.ar\/en\/wp-json\/wp\/v2\/types\/product"}],"wp:featuredmedia":[{"embeddable":true,"href":"https:\/\/paraquenos.com.ar\/en\/wp-json\/wp\/v2\/media\/18825"}],"wp:attachment":[{"href":"https:\/\/paraquenos.com.ar\/en\/wp-json\/wp\/v2\/media?parent=15898"}],"wp:term":[{"taxonomy":"product_brand","embeddable":true,"href":"https:\/\/paraquenos.com.ar\/en\/wp-json\/wp\/v2\/product_brand?post=15898"},{"taxonomy":"product_cat","embeddable":true,"href":"https:\/\/paraquenos.com.ar\/en\/wp-json\/wp\/v2\/product_cat?post=15898"},{"taxonomy":"product_tag","embeddable":true,"href":"https:\/\/paraquenos.com.ar\/en\/wp-json\/wp\/v2\/product_tag?post=15898"}],"curies":[{"name":"wp","href":"https:\/\/api.w.org\/{rel}","templated":true}]}}