{"id":12805,"date":"2015-01-06T19:43:31","date_gmt":"2015-01-06T19:43:31","guid":{"rendered":"http:\/\/localhost\/themes\/unicon\/?page_id=12805"},"modified":"2025-03-12T10:05:01","modified_gmt":"2025-03-12T13:05:01","slug":"empresa","status":"publish","type":"page","link":"https:\/\/paraquenos.com.ar\/pb\/empresa\/","title":{"rendered":"Quem somos"},"content":{"rendered":"<p>[vc_row bg_image=&#8221;19789&#8243; bg_color=&#8221;#650e81&#8243; text_color=&#8221;light&#8221; top_padding=&#8221;250&#8243; bottom_padding=&#8221;180&#8243; bg_position=&#8221;left top&#8221;][vc_column width=&#8221;1\/1&#8243;][\/vc_column][\/vc_row][vc_row top_padding=&#8221;100&#8243; bottom_padding=&#8221;100&#8243; bg_position=&#8221;left top&#8221;][vc_column width=&#8221;1\/3&#8243;]<h3 class=\"headline font-special fontsize-l fontweight-700 lh-inherit align-left transform-uppercase \" style=\"margin: 0 0 20px 0; color: #333333;\">Quem somos<\/h3><div class=\"newdivider align-left\" style=\"border-bottom-style: solid; border-color: #ef8f00; border-bottom-width: 3px; margin-top: 0; margin-bottom: 0; width: 46px; \"><\/div><div class=\"clear\"><\/div>[\/vc_column][vc_column width=&#8221;2\/3&#8243;][vc_column_text]<span style=\"font-weight: 400;\">A Paraquenos \u00e9 a marca do laborat\u00f3rio veterin\u00e1rio Proagro destinada aos animais de estima\u00e7\u00e3o. Proagro \u00e9 uma empresa argentina com mais de 50 anos de trajet\u00f3ria no mercado.<\/span><\/p>\n<p><span style=\"font-weight: 400;\">Todos os nossos medicamentos veterin\u00e1rios, tanto para grandes como para pequenos animais, s\u00e3o elaborados sob normas internacionais de qualidade GMP.<\/span><\/p>\n<p><span style=\"font-weight: 400;\">Atualmente, os produtos da Proagro e da Paraquenos s\u00e3o exportados para mais de 10 pa\u00edses da Am\u00e9rica Latina, da \u00c1frica e da \u00c1sia.<\/span><\/p>\n<p><span style=\"font-weight: 400;\">A empresa possui um forte compromisso social: colabora habitualmente com diferentes funda\u00e7\u00f5es, institui\u00e7\u00f5es, escolas, hospitais e diversas organiza\u00e7\u00f5es afins.<\/span><\/p>\n<p><span style=\"font-weight: 400;\">Convidamos voc\u00ea a fazer um passeio pelo laborat\u00f3rio atrav\u00e9s deste v\u00eddeo.<\/span>[\/vc_column_text][\/vc_column][\/vc_row][vc_row][vc_column width=&#8221;1\/1&#8243;]<div class=\"video-embed  wpb_content_element\"><iframe title=\"Fa\u00e7a um tour pelo laborat\u00f3rio\" width=\"1161\" height=\"653\" src=\"https:\/\/www.youtube.com\/embed\/F41MQXN3ABU?feature=oembed\" frameborder=\"0\" allow=\"accelerometer; autoplay; clipboard-write; encrypted-media; gyroscope; picture-in-picture; web-share\" referrerpolicy=\"strict-origin-when-cross-origin\" allowfullscreen><\/iframe><\/div>[\/vc_column][\/vc_row]<\/p>","protected":false},"excerpt":{"rendered":"<p>[vc_row bg_image=&#8221;19789&#8243; bg_color=&#8221;#650e81&#8243; text_color=&#8221;light&#8221; top_padding=&#8221;250&#8243; bottom_padding=&#8221;180&#8243; bg_position=&#8221;left top&#8221;][vc_column width=&#8221;1\/1&#8243;][\/vc_column][\/vc_row][vc_row top_padding=&#8221;100&#8243; bottom_padding=&#8221;100&#8243; bg_position=&#8221;left top&#8221;][vc_column width=&#8221;1\/3&#8243;][\/vc_column][vc_column width=&#8221;2\/3&#8243;][vc_column_text]A Paraquenos \u00e9 a marca do laborat\u00f3rio veterin\u00e1rio Proagro destinada aos animais de estima\u00e7\u00e3o. Proagro \u00e9 uma empresa argentina com mais de 50 anos de trajet\u00f3ria no mercado. Todos os nossos medicamentos veterin\u00e1rios, tanto para grandes como para pequenos animais, s\u00e3o elaborados sob normas internacionais de qualidade GMP. Atualmente, os produtos da Proagro e da Paraquenos s\u00e3o exportados para mais de 10 pa\u00edses da Am\u00e9rica Latina, da \u00c1frica e da \u00c1sia. A empresa possui um forte compromisso social: colabora habitualmente com diferentes funda\u00e7\u00f5es, institui\u00e7\u00f5es, escolas, hospitais e diversas organiza\u00e7\u00f5es afins. Convidamos voc\u00ea a fazer um passeio pelo laborat\u00f3rio atrav\u00e9s deste v\u00eddeo.[\/vc_column_text][\/vc_column][\/vc_row][vc_row][vc_column width=&#8221;1\/1&#8243;][\/vc_column][\/vc_row]<\/p>\n","protected":false},"author":1,"featured_media":0,"parent":0,"menu_order":0,"comment_status":"closed","ping_status":"open","template":"","meta":{"_acf_changed":false,"footnotes":""},"class_list":["post-12805","page","type-page","status-publish","hentry"],"acf":[],"_links":{"self":[{"href":"https:\/\/paraquenos.com.ar\/pb\/wp-json\/wp\/v2\/pages\/12805","targetHints":{"allow":["GET"]}}],"collection":[{"href":"https:\/\/paraquenos.com.ar\/pb\/wp-json\/wp\/v2\/pages"}],"about":[{"href":"https:\/\/paraquenos.com.ar\/pb\/wp-json\/wp\/v2\/types\/page"}],"author":[{"embeddable":true,"href":"https:\/\/paraquenos.com.ar\/pb\/wp-json\/wp\/v2\/users\/1"}],"replies":[{"embeddable":true,"href":"https:\/\/paraquenos.com.ar\/pb\/wp-json\/wp\/v2\/comments?post=12805"}],"version-history":[{"count":11,"href":"https:\/\/paraquenos.com.ar\/pb\/wp-json\/wp\/v2\/pages\/12805\/revisions"}],"predecessor-version":[{"id":30679,"href":"https:\/\/paraquenos.com.ar\/pb\/wp-json\/wp\/v2\/pages\/12805\/revisions\/30679"}],"wp:attachment":[{"href":"https:\/\/paraquenos.com.ar\/pb\/wp-json\/wp\/v2\/media?parent=12805"}],"curies":[{"name":"wp","href":"https:\/\/api.w.org\/{rel}","templated":true}]}}