{"id":15754,"date":"2019-12-13T08:48:23","date_gmt":"2019-12-13T11:48:23","guid":{"rendered":"https:\/\/paraquenos.com.ar\/?page_id=15754"},"modified":"2019-12-19T15:36:18","modified_gmt":"2019-12-19T18:36:18","slug":"aviso-legal","status":"publish","type":"page","link":"https:\/\/paraquenos.com.ar\/pb\/aviso-legal\/","title":{"rendered":"[IMPORTANTE] Aviso Legal"},"content":{"rendered":"<p>El contenido de este sitio web es \u00fanicamente de car\u00e1cter informativo general. Dicho contenido no debe ser tomado como consejo m\u00e9dico, diagn\u00f3stico o tratamiento.<br \/>\nLaboratorio Proagro y su l\u00ednea Paraque\u00f1os se encuentran sujetos al marco regulatorio espec\u00edfico del pa\u00eds de residencia.<\/p>\n<p>Si Ud. necesita mayor informaci\u00f3n de car\u00e1cter m\u00e9dico, tales como diagn\u00f3sticos, indicaciones sobre tratamientos y\/o consejos m\u00e9dicos deber\u00e1 dirigirse a un profesional de salud veterinaria.<br \/>\nLa secci\u00f3n de productos est\u00e1 exclusivamente destinada a satisfacer la necesidad de mayor informaci\u00f3n de los profesionales de salud veterinaria, para un uso adecuado de los medicamentos.<\/p>\n","protected":false},"excerpt":{"rendered":"<p>El contenido de este sitio web es \u00fanicamente de car\u00e1cter informativo general. Dicho contenido no debe ser tomado como consejo m\u00e9dico, diagn\u00f3stico o tratamiento. Laboratorio Proagro y su l\u00ednea Paraque\u00f1os se encuentran sujetos al marco regulatorio espec\u00edfico del pa\u00eds de residencia. Si Ud. necesita mayor informaci\u00f3n de car\u00e1cter m\u00e9dico, tales como diagn\u00f3sticos, indicaciones sobre tratamientos y\/o consejos m\u00e9dicos deber\u00e1 dirigirse a un profesional de salud veterinaria. La secci\u00f3n de productos est\u00e1 exclusivamente destinada a satisfacer la necesidad de mayor informaci\u00f3n de los profesionales de salud veterinaria, para un uso adecuado de los medicamentos.<\/p>\n","protected":false},"author":1,"featured_media":15776,"parent":0,"menu_order":0,"comment_status":"closed","ping_status":"closed","template":"","meta":{"_acf_changed":false,"footnotes":""},"class_list":["post-15754","page","type-page","status-publish","has-post-thumbnail","hentry"],"acf":[],"_links":{"self":[{"href":"https:\/\/paraquenos.com.ar\/pb\/wp-json\/wp\/v2\/pages\/15754","targetHints":{"allow":["GET"]}}],"collection":[{"href":"https:\/\/paraquenos.com.ar\/pb\/wp-json\/wp\/v2\/pages"}],"about":[{"href":"https:\/\/paraquenos.com.ar\/pb\/wp-json\/wp\/v2\/types\/page"}],"author":[{"embeddable":true,"href":"https:\/\/paraquenos.com.ar\/pb\/wp-json\/wp\/v2\/users\/1"}],"replies":[{"embeddable":true,"href":"https:\/\/paraquenos.com.ar\/pb\/wp-json\/wp\/v2\/comments?post=15754"}],"version-history":[{"count":0,"href":"https:\/\/paraquenos.com.ar\/pb\/wp-json\/wp\/v2\/pages\/15754\/revisions"}],"wp:featuredmedia":[{"embeddable":true,"href":"https:\/\/paraquenos.com.ar\/pb\/wp-json\/wp\/v2\/media\/15776"}],"wp:attachment":[{"href":"https:\/\/paraquenos.com.ar\/pb\/wp-json\/wp\/v2\/media?parent=15754"}],"curies":[{"name":"wp","href":"https:\/\/api.w.org\/{rel}","templated":true}]}}