{"id":4929,"date":"2014-03-18T15:52:46","date_gmt":"2014-03-18T15:52:46","guid":{"rendered":"http:\/\/localhost:8888\/themes\/ventory\/?page_id=4929"},"modified":"2024-11-08T11:30:50","modified_gmt":"2024-11-08T14:30:50","slug":"encontranos","status":"publish","type":"page","link":"https:\/\/paraquenos.com.ar\/pb\/encontranos\/","title":{"rendered":"Onde comprar"},"content":{"rendered":"<p>[vc_row bg_color=&#8221;#ffffff&#8221; top_padding=&#8221;80&#8243; bottom_padding=&#8221;60&#8243; bg_position=&#8221;left top&#8221;][vc_column width=&#8221;1\/2&#8243;]<h2 class=\"headline font-special fontsize-m fontweight-700 lh-inherit align-left transform-uppercase \" style=\"margin: 0 0 20px 0;\">Escreva para a gente<\/h2>[vc_column_text]Envie suas d\u00favidas a <a href=\"mailto:assessorcomercial@proagrolab.com.ar\">assessorcomercial@proagrolab.com.ar<\/a> e em breve um assessor responder\u00e1.[\/vc_column_text]<h2 class=\"headline font-special fontsize-m fontweight-700 lh-inherit align-left transform-uppercase \" style=\"margin: 0 0 20px 0;\">Trabalhe com a gente<\/h2>[vc_column_text]Se voc\u00ea quiser entrar para a equipe da Paraquenos, envie seu CV para<br \/>\n<a href=\"mailto:cv@proagrolab.com.ar\">rrhh@proagrolab.com.ar<\/a>.[\/vc_column_text]<h2 class=\"headline font-special fontsize-m fontweight-700 lh-inherit align-left transform-uppercase \" style=\"margin: 0 0 20px 0;\">Lojas no Brasil<\/h2>[vc_raw_html]JTNDaWZyYW1lJTIwc3JjJTNEJTIyaHR0cHMlM0ElMkYlMkZ3d3cuZ29vZ2xlLmNvbSUyRm1hcHMlMkZkJTJGZW1iZWQlM0ZtaWQlM0QxdEg0aXd4MjZnZGdDUU81TUpURDJ3dFJDMlc4aUozWWklMjZlaGJjJTNEMkUzMTJGJTIyJTIwd2lkdGglM0QlMjIxMDAlMjUlMjIlMjBoZWlnaHQlM0QlMjI1MDAlMjIlM0UlM0MlMkZpZnJhbWUlM0U=[\/vc_raw_html][\/vc_column][vc_column width=&#8221;1\/2&#8243;]<h2 class=\"headline font-special fontsize-m fontweight-700 lh-inherit align-left transform-uppercase \" style=\"margin: 0 0 20px 0;\">Fale com a gente<\/h2>[vc_column_text]<strong>Somos um laborat\u00f3rio farmac\u00eautico veterin\u00e1rio. Se seu animal de estima\u00e7\u00e3o estiver doente, consulte diretamente seu veterin\u00e1rio.<\/strong><\/p>\n<p><strong>\u00a0<\/strong>[\/vc_column_text][vc_raw_html]JTNDaWZyYW1lJTIwc3JjJTNEJTIyaHR0cHMlM0ElMkYlMkZ4LmZvcm1pdG8uY29tJTJGYXBwJTJGM1hEZmk1S3MxWHBYcEZTS05FOWMlMjIlMjB3aWR0aCUzRCUyMjEwMCUyNSUyMiUyMGhlaWdodCUzRCUyMjY1MCUyMiUyMGZyYW1lQm9yZGVyJTNEJTIyMCUyMiUyMHN0eWxlJTNEJTIyYm9yZGVyJTNBMXB4JTIwc29saWQlMjAlMjNlZWUlMjIlM0UlM0MlMkZpZnJhbWUlM0U=[\/vc_raw_html][\/vc_column][\/vc_row]<\/p>","protected":false},"excerpt":{"rendered":"<p>[vc_row bg_color=&#8221;#ffffff&#8221; top_padding=&#8221;80&#8243; bottom_padding=&#8221;60&#8243; bg_position=&#8221;left top&#8221;][vc_column width=&#8221;1\/2&#8243;][vc_column_text]Envie suas d\u00favidas a assessorcomercial@proagrolab.com.ar e em breve um assessor responder\u00e1.[\/vc_column_text][vc_column_text]Se voc\u00ea quiser entrar para a equipe da Paraquenos, envie seu CV para rrhh@proagrolab.com.ar.[\/vc_column_text][vc_raw_html]JTNDaWZyYW1lJTIwc3JjJTNEJTIyaHR0cHMlM0ElMkYlMkZ3d3cuZ29vZ2xlLmNvbSUyRm1hcHMlMkZkJTJGZW1iZWQlM0ZtaWQlM0QxdEg0aXd4MjZnZGdDUU81TUpURDJ3dFJDMlc4aUozWWklMjZlaGJjJTNEMkUzMTJGJTIyJTIwd2lkdGglM0QlMjIxMDAlMjUlMjIlMjBoZWlnaHQlM0QlMjI1MDAlMjIlM0UlM0MlMkZpZnJhbWUlM0U=[\/vc_raw_html][\/vc_column][vc_column width=&#8221;1\/2&#8243;][vc_column_text]Somos um laborat\u00f3rio farmac\u00eautico veterin\u00e1rio. Se seu animal de estima\u00e7\u00e3o estiver doente, consulte diretamente seu veterin\u00e1rio. \u00a0[\/vc_column_text][vc_raw_html]JTNDaWZyYW1lJTIwc3JjJTNEJTIyaHR0cHMlM0ElMkYlMkZ4LmZvcm1pdG8uY29tJTJGYXBwJTJGM1hEZmk1S3MxWHBYcEZTS05FOWMlMjIlMjB3aWR0aCUzRCUyMjEwMCUyNSUyMiUyMGhlaWdodCUzRCUyMjY1MCUyMiUyMGZyYW1lQm9yZGVyJTNEJTIyMCUyMiUyMHN0eWxlJTNEJTIyYm9yZGVyJTNBMXB4JTIwc29saWQlMjAlMjNlZWUlMjIlM0UlM0MlMkZpZnJhbWUlM0U=[\/vc_raw_html][\/vc_column][\/vc_row]<\/p>\n","protected":false},"author":1,"featured_media":0,"parent":0,"menu_order":0,"comment_status":"closed","ping_status":"open","template":"","meta":{"_acf_changed":false,"footnotes":""},"class_list":["post-4929","page","type-page","status-publish","hentry"],"acf":[],"_links":{"self":[{"href":"https:\/\/paraquenos.com.ar\/pb\/wp-json\/wp\/v2\/pages\/4929","targetHints":{"allow":["GET"]}}],"collection":[{"href":"https:\/\/paraquenos.com.ar\/pb\/wp-json\/wp\/v2\/pages"}],"about":[{"href":"https:\/\/paraquenos.com.ar\/pb\/wp-json\/wp\/v2\/types\/page"}],"author":[{"embeddable":true,"href":"https:\/\/paraquenos.com.ar\/pb\/wp-json\/wp\/v2\/users\/1"}],"replies":[{"embeddable":true,"href":"https:\/\/paraquenos.com.ar\/pb\/wp-json\/wp\/v2\/comments?post=4929"}],"version-history":[{"count":30,"href":"https:\/\/paraquenos.com.ar\/pb\/wp-json\/wp\/v2\/pages\/4929\/revisions"}],"predecessor-version":[{"id":29765,"href":"https:\/\/paraquenos.com.ar\/pb\/wp-json\/wp\/v2\/pages\/4929\/revisions\/29765"}],"wp:attachment":[{"href":"https:\/\/paraquenos.com.ar\/pb\/wp-json\/wp\/v2\/media?parent=4929"}],"curies":[{"name":"wp","href":"https:\/\/api.w.org\/{rel}","templated":true}]}}