{"id":15898,"date":"2026-03-31T11:59:37","date_gmt":"2026-03-31T14:59:37","guid":{"rendered":"https:\/\/paraquenos.com.ar\/?post_type=product&#038;p=15898"},"modified":"2026-03-31T11:59:38","modified_gmt":"2026-03-31T14:59:38","slug":"bicheron-curabicheras-plata-forte","status":"publish","type":"product","link":"https:\/\/paraquenos.com.ar\/pb\/producto\/bicheron-curabicheras-plata-forte\/","title":{"rendered":"Bicher\u00f3n Curabicheras Plata FORTE"},"content":{"rendered":"<p class=\"qtranxs-available-languages-message qtranxs-available-languages-message-pb\">Desculpe-nos, mas este texto est\u00e1 apenas dispon\u00edvel em <a href=\"https:\/\/paraquenos.com.ar\/es\/wp-json\/wp\/v2\/product\/15898\" class=\"qtranxs-available-language-link qtranxs-available-language-link-es\" title=\"Espa\u00f1ol\">Espa\u00f1ol<\/a> y <a href=\"https:\/\/paraquenos.com.ar\/en\/wp-json\/wp\/v2\/product\/15898\" class=\"qtranxs-available-language-link qtranxs-available-language-link-en\" title=\"English\">English<\/a>.<\/p>","protected":false},"excerpt":{"rendered":"<p>Desculpe-nos, mas este texto est\u00e1 apenas dispon\u00edvel em Espa\u00f1ol y English.<\/p>\n","protected":false},"featured_media":18825,"template":"","meta":{"_acf_changed":false},"product_brand":[],"product_cat":[183],"product_tag":[179,200],"class_list":{"0":"post-15898","1":"product","2":"type-product","3":"status-publish","4":"has-post-thumbnail","6":"product_cat-antiparasitarios","7":"product_tag-caninos","8":"product_tag-maletin","9":"pif-has-gallery","11":"first","12":"instock","13":"shipping-taxable","14":"product-type-simple"},"acf":[],"_links":{"self":[{"href":"https:\/\/paraquenos.com.ar\/pb\/wp-json\/wp\/v2\/product\/15898","targetHints":{"allow":["GET"]}}],"collection":[{"href":"https:\/\/paraquenos.com.ar\/pb\/wp-json\/wp\/v2\/product"}],"about":[{"href":"https:\/\/paraquenos.com.ar\/pb\/wp-json\/wp\/v2\/types\/product"}],"wp:featuredmedia":[{"embeddable":true,"href":"https:\/\/paraquenos.com.ar\/pb\/wp-json\/wp\/v2\/media\/18825"}],"wp:attachment":[{"href":"https:\/\/paraquenos.com.ar\/pb\/wp-json\/wp\/v2\/media?parent=15898"}],"wp:term":[{"taxonomy":"product_brand","embeddable":true,"href":"https:\/\/paraquenos.com.ar\/pb\/wp-json\/wp\/v2\/product_brand?post=15898"},{"taxonomy":"product_cat","embeddable":true,"href":"https:\/\/paraquenos.com.ar\/pb\/wp-json\/wp\/v2\/product_cat?post=15898"},{"taxonomy":"product_tag","embeddable":true,"href":"https:\/\/paraquenos.com.ar\/pb\/wp-json\/wp\/v2\/product_tag?post=15898"}],"curies":[{"name":"wp","href":"https:\/\/api.w.org\/{rel}","templated":true}]}}