{"id":19920,"date":"2026-03-31T11:59:36","date_gmt":"2026-03-31T14:59:36","guid":{"rendered":"https:\/\/paraquenos.com.ar\/?post_type=product&#038;p=19920"},"modified":"2026-03-31T11:59:36","modified_gmt":"2026-03-31T14:59:36","slug":"acoprofagia","status":"publish","type":"product","link":"https:\/\/paraquenos.com.ar\/pb\/producto\/acoprofagia\/","title":{"rendered":"Acoprofagia"},"content":{"rendered":"<p><strong>F\u00f3rmula<\/strong><br \/>\nCada 100 g cont\u00eam:<br \/>\nPancreatina\u2026\u2026\u2026\u2026\u2026\u2026\u2026\u2026\u2026\u2026\u2026\u2026\u2026\u2026.. 20,0 g<br \/>\nTripsina \u2026\u2026\u2026\u2026\u2026\u2026\u2026\u2026\u2026\u2026\u2026\u2026\u2026\u2026\u2026\u2026\u2026. 0,5 g<br \/>\nQuimotripsina \u2026\u2026\u2026\u2026\u2026\u2026\u2026\u2026\u2026\u2026\u2026\u2026\u2026\u2026 0,1 g<br \/>\nGlutamato S\u00f3dico anidro \u2026\u2026\u2026\u2026\u2026\u2026\u2026 50,0 g<\/p>\n<p><strong>Descri\u00e7\u00e3o<\/strong><br \/>\nP\u00f3 para corrigir o h\u00e1bito da ingest\u00e3o de mat\u00e9ria fecal.<\/p>\n<p><strong>Apresenta\u00e7\u00e3o<\/strong><br \/>\nPote com 60 g<\/p>\n<p><strong>Esp\u00e9cies<\/strong><br \/>\nC\u00e3es.<\/p>\n<p><strong>Indica\u00e7\u00f5es<\/strong><br \/>\nPara corrigir o h\u00e1bito da ingest\u00e3o de mat\u00e9ria fecal. Para animais inapetentes, o glutamato s\u00f3dico ressalta o sabor do alimento tornando-o mais saboroso enquanto confere \u00e0 mat\u00e9ria fecal um sabor muito desagrad\u00e1vel, contribuindo no tratamento dos transtornos de comportamento. Suplementa as enzimas digestivas, ajudando o animal na digest\u00e3o e promovendo uma melhor absor\u00e7\u00e3o intestinal.<\/p>\n<p><strong>Posologia e modo de usar<\/strong><br \/>\nUsar por via oral. Polvilhar sobre os alimentos diariamente, 0,5 g por vez em todas as refei\u00e7\u00f5es. Tanto a dura\u00e7\u00e3o do tratamento quanto a varia\u00e7\u00e3o na dosagem ficar\u00e1 a crit\u00e9rio do m\u00e9dico veterin\u00e1rio. Em certos casos poder\u00e1 ser necess\u00e1rio o emprego do produto por per\u00edodos prolongados ou at\u00e9 mesmo permanente.<\/p>\n<p><strong>Contraindica\u00e7\u00f5es e restri\u00e7\u00f5es ao uso<\/strong><br \/>\nPor ser composto de enzimas digestivas e amino\u00e1cido, o produto n\u00e3o provoca efeitos indesej\u00e1veis.<\/p>\n<p>Produto dispon\u00edvel no Brasil<\/p>","protected":false},"excerpt":{"rendered":"<p>F\u00f3rmula Cada 100 g cont\u00eam: Pancreatina\u2026\u2026\u2026\u2026\u2026\u2026\u2026\u2026\u2026\u2026\u2026\u2026\u2026\u2026.. 20,0 g Tripsina \u2026\u2026\u2026\u2026\u2026\u2026\u2026\u2026\u2026\u2026\u2026\u2026\u2026\u2026\u2026\u2026\u2026. 0,5 g Quimotripsina \u2026\u2026\u2026\u2026\u2026\u2026\u2026\u2026\u2026\u2026\u2026\u2026\u2026\u2026 0,1 g Glutamato S\u00f3dico anidro \u2026\u2026\u2026\u2026\u2026\u2026\u2026 50,0 g Descri\u00e7\u00e3o P\u00f3 para corrigir o h\u00e1bito da ingest\u00e3o de mat\u00e9ria fecal. Apresenta\u00e7\u00e3o Pote com 60 g Esp\u00e9cies C\u00e3es. Indica\u00e7\u00f5es Para corrigir o h\u00e1bito da ingest\u00e3o de mat\u00e9ria fecal. Para animais inapetentes, o glutamato s\u00f3dico ressalta o sabor do alimento tornando-o mais saboroso enquanto confere \u00e0 mat\u00e9ria fecal um sabor muito desagrad\u00e1vel, contribuindo no tratamento dos transtornos de comportamento. Suplementa as enzimas digestivas, ajudando o animal na digest\u00e3o e promovendo uma melhor absor\u00e7\u00e3o intestinal. Posologia e modo de usar Usar por via oral. Polvilhar sobre os alimentos diariamente, 0,5 g por vez em todas as refei\u00e7\u00f5es. Tanto a dura\u00e7\u00e3o do tratamento quanto a varia\u00e7\u00e3o na dosagem ficar\u00e1 a crit\u00e9rio do m\u00e9dico veterin\u00e1rio. Em certos casos poder\u00e1 ser necess\u00e1rio o emprego do produto por per\u00edodos prolongados ou at\u00e9 mesmo permanente. Contraindica\u00e7\u00f5es e restri\u00e7\u00f5es ao uso Por ser composto de enzimas digestivas e amino\u00e1cido, o produto n\u00e3o provoca efeitos indesej\u00e1veis. Produto dispon\u00edvel no Brasil<\/p>\n","protected":false},"featured_media":20117,"template":"","meta":{"_acf_changed":false},"product_brand":[],"product_cat":[178],"product_tag":[],"class_list":{"0":"post-19920","1":"product","2":"type-product","3":"status-publish","4":"has-post-thumbnail","6":"product_cat-soporte-medico","7":"pif-has-gallery","9":"first","10":"instock","11":"shipping-taxable","12":"product-type-simple"},"acf":[],"_links":{"self":[{"href":"https:\/\/paraquenos.com.ar\/pb\/wp-json\/wp\/v2\/product\/19920","targetHints":{"allow":["GET"]}}],"collection":[{"href":"https:\/\/paraquenos.com.ar\/pb\/wp-json\/wp\/v2\/product"}],"about":[{"href":"https:\/\/paraquenos.com.ar\/pb\/wp-json\/wp\/v2\/types\/product"}],"wp:featuredmedia":[{"embeddable":true,"href":"https:\/\/paraquenos.com.ar\/pb\/wp-json\/wp\/v2\/media\/20117"}],"wp:attachment":[{"href":"https:\/\/paraquenos.com.ar\/pb\/wp-json\/wp\/v2\/media?parent=19920"}],"wp:term":[{"taxonomy":"product_brand","embeddable":true,"href":"https:\/\/paraquenos.com.ar\/pb\/wp-json\/wp\/v2\/product_brand?post=19920"},{"taxonomy":"product_cat","embeddable":true,"href":"https:\/\/paraquenos.com.ar\/pb\/wp-json\/wp\/v2\/product_cat?post=19920"},{"taxonomy":"product_tag","embeddable":true,"href":"https:\/\/paraquenos.com.ar\/pb\/wp-json\/wp\/v2\/product_tag?post=19920"}],"curies":[{"name":"wp","href":"https:\/\/api.w.org\/{rel}","templated":true}]}}