{"id":19922,"date":"2026-03-31T11:59:36","date_gmt":"2026-03-31T14:59:36","guid":{"rendered":"https:\/\/paraquenos.com.ar\/?post_type=product&#038;p=19922"},"modified":"2026-03-31T11:59:36","modified_gmt":"2026-03-31T14:59:36","slug":"antiinflamatorio-prednisolona","status":"publish","type":"product","link":"https:\/\/paraquenos.com.ar\/pb\/producto\/antiinflamatorio-prednisolona\/","title":{"rendered":"Anti-inflamat\u00f3rio Prednisolona"},"content":{"rendered":"<p><strong>F\u00f3rmula<\/strong><br \/>\nCada comprimido cont\u00e9m:<br \/>\nPrednisolona\u2026\u2026\u2026\u2026\u2026\u2026\u2026..20 mg<\/p>\n<p><strong>Descri\u00e7\u00e3o<\/strong><br \/>\nAntiflog\u00edstico-Antial\u00e9rgico<\/p>\n<p><strong>Apresenta\u00e7\u00e3o<\/strong><br \/>\n1 cartela com 10 comprimidos<\/p>\n<p><strong>Esp\u00e9cies<\/strong><br \/>\nC\u00e3es e gatos<\/p>\n<p><strong>Indica\u00e7\u00f5es<\/strong><br \/>\nDermopatias al\u00e9rgicas. Artropatias ass\u00e9pticas, outros estados inflamat\u00f3rios n\u00e3o infecciosos e hipersensibilidade. Imunossupress\u00e3o em processos tumorais.<\/p>\n<p><strong>Dosagem<\/strong><br \/>\n1 \u2013 2 mg.\/quilo cada 12-24 horas durante 3-5 dias. Em tratamentos prolongados administrar a cada 48 h., diminuindo gradativamente a dose.<\/p>\n<p>Produto dispon\u00edvel no Brasil<\/p>","protected":false},"excerpt":{"rendered":"<p>F\u00f3rmula Cada comprimido cont\u00e9m: Prednisolona\u2026\u2026\u2026\u2026\u2026\u2026\u2026..20 mg Descri\u00e7\u00e3o Antiflog\u00edstico-Antial\u00e9rgico Apresenta\u00e7\u00e3o 1 cartela com 10 comprimidos Esp\u00e9cies C\u00e3es e gatos Indica\u00e7\u00f5es Dermopatias al\u00e9rgicas. Artropatias ass\u00e9pticas, outros estados inflamat\u00f3rios n\u00e3o infecciosos e hipersensibilidade. Imunossupress\u00e3o em processos tumorais. Dosagem 1 \u2013 2 mg.\/quilo cada 12-24 horas durante 3-5 dias. Em tratamentos prolongados administrar a cada 48 h., diminuindo gradativamente a dose. Produto dispon\u00edvel no Brasil<\/p>\n","protected":false},"featured_media":20119,"template":"","meta":{"_acf_changed":false},"product_brand":[],"product_cat":[182],"product_tag":[],"class_list":{"0":"post-19922","1":"product","2":"type-product","3":"status-publish","4":"has-post-thumbnail","6":"product_cat-antiinflamatorios","7":"pif-has-gallery","9":"first","10":"instock","11":"shipping-taxable","12":"product-type-simple"},"acf":[],"_links":{"self":[{"href":"https:\/\/paraquenos.com.ar\/pb\/wp-json\/wp\/v2\/product\/19922","targetHints":{"allow":["GET"]}}],"collection":[{"href":"https:\/\/paraquenos.com.ar\/pb\/wp-json\/wp\/v2\/product"}],"about":[{"href":"https:\/\/paraquenos.com.ar\/pb\/wp-json\/wp\/v2\/types\/product"}],"wp:featuredmedia":[{"embeddable":true,"href":"https:\/\/paraquenos.com.ar\/pb\/wp-json\/wp\/v2\/media\/20119"}],"wp:attachment":[{"href":"https:\/\/paraquenos.com.ar\/pb\/wp-json\/wp\/v2\/media?parent=19922"}],"wp:term":[{"taxonomy":"product_brand","embeddable":true,"href":"https:\/\/paraquenos.com.ar\/pb\/wp-json\/wp\/v2\/product_brand?post=19922"},{"taxonomy":"product_cat","embeddable":true,"href":"https:\/\/paraquenos.com.ar\/pb\/wp-json\/wp\/v2\/product_cat?post=19922"},{"taxonomy":"product_tag","embeddable":true,"href":"https:\/\/paraquenos.com.ar\/pb\/wp-json\/wp\/v2\/product_tag?post=19922"}],"curies":[{"name":"wp","href":"https:\/\/api.w.org\/{rel}","templated":true}]}}